{"id":4,"date":"2019-01-16T21:58:03","date_gmt":"2019-01-16T21:58:03","guid":{"rendered":"http:\/\/efg-steinfurt.net\/?page_id=4"},"modified":"2021-07-02T22:59:45","modified_gmt":"2021-07-02T22:59:45","slug":"datenschutzerklaerung","status":"publish","type":"page","link":"https:\/\/efg-steinfurt.de\/?page_id=4","title":{"rendered":"Datenschutzerkl\u00e4rung"},"content":{"rendered":"\n<h2 class=\"wp-block-heading\">Wer wir sind<\/h2>\n\n\n\n<p>Die Adresse unserer Website ist:  https:\/\/efg-steinfurt.de<\/p>\n\n\n\n<p>Diese Webseite wird nur zu dem Zweck betrieben, interessierten Menschen Informationen \u00fcber die Evangelisch freikirchliche Gemeinde Steinfurt e.V. bereitzustellen. Wir verfolgen kein wirtschaftliches Interesse. <\/p>\n\n\n\n<h2 class=\"wp-block-heading\">Grundlegendes<\/h2>\n\n\n\n<p>Diese Datenschutzerkl\u00e4rung soll die Nutzer\ndieser Website \u00fcber die Art, den Umfang und den Zweck der Erhebung und\nVerwendung personenbezogener Daten durch den Websitebetreiber Evangelisch\nfreikirchliche Gemeinde Steinfurt e.V. informieren.<\/p>\n\n\n\n<p>Der Websitebetreiber nimmt Ihren Datenschutz\nsehr ernst und behandelt Ihre personenbezogenen Daten vertraulich und\nentsprechend der gesetzlichen Vorschriften. Da durch neue Technologien und die\nst\u00e4ndige Weiterentwicklung dieser Webseite \u00c4nderungen an dieser\nDatenschutzerkl\u00e4rung vorgenommen werden k\u00f6nnen, empfehlen wir Ihnen sich die\nDatenschutzerkl\u00e4rung in regelm\u00e4\u00dfigen Abst\u00e4nden wieder durchzulesen.<\/p>\n\n\n\n<p>Definitionen der verwendeten Begriffe (z.B. \u201cpersonenbezogene Daten\u201d oder \u201cVerarbeitung\u201d) finden Sie in Art. 4 DSGVO.<\/p>\n\n\n\n<p>Diese Webseite basiert auf einem WordPress Hosting bei der STRATO AG. Alle Funktionen, die zur Erhebung und Verarbeitung von Daten auf dieser Webseite genutzt werden, sind nicht aktiv vom Betrieber zum Zweck der Erhebung von personenbezogenen Daten eingerichtet oder konfiguriert worden. Sie sind Teil des standardisierten Funktionsumfangs des Produktes, oder der installierten Erweiterungen. Einzige Ausnahme: Das Formular zur Datenerfassung der Gottesdienstbesucher. Die hierbei erfassten Daten (Vorname, Nachname, Email-Adresse, Adresse) werden auf Infrastruktur der STRATO AG gespeichert (siehe <a href=\"https:\/\/www.strato.de\/datenschutz\/\" target=\"_blank\" rel=\"noreferrer noopener\">Datenschutzerkl\u00e4rung STRATO AG<\/a>).<\/p>\n\n\n\n<h2 class=\"wp-block-heading\">Zugriffsdaten<\/h2>\n\n\n\n<p>Wir, der Websitebetreiber bzw. Seitenprovider,\nerheben aufgrund unseres berechtigten Interesses (s. Art. 6 Abs. 1 lit. f.\nDSGVO) Daten \u00fcber Zugriffe auf die Website und speichern diese als\n\u201eServer-Logfiles\u201c auf dem Server der Website ab. Folgende Daten werden so\nprotokolliert:<\/p>\n\n\n\n<ul class=\"wp-block-list\"><li>Besuchte\nWebsite<\/li><li>Uhrzeit\nzum Zeitpunkt des Zugriffes<\/li><li>Menge\nder gesendeten Daten in Byte<\/li><li>Quelle\/Verweis,\nvon welchem Sie auf die Seite gelangten<\/li><li>Verwendeter\nBrowser<\/li><li>Verwendetes\nBetriebssystem<\/li><li>Verwendete\nIP-Adresse bzw. Hostname (anonymisiert)<\/li><\/ul>\n\n\n\n<p>Die Server-Logfiles werden f\u00fcr maximal 6 Wochen\ngespeichert und anschlie\u00dfend gel\u00f6scht. Die Speicherung der Daten erfolgt aus\nSicherheitsgr\u00fcnden, um z. B. Missbrauchsf\u00e4lle aufkl\u00e4ren zu k\u00f6nnen. M\u00fcssen Daten\naus Beweisgr\u00fcnden aufgehoben werden, sind sie solange von der L\u00f6schung\nausgenommen bis der Vorfall endg\u00fcltig gekl\u00e4rt ist.<\/p>\n\n\n\n<p>Der Hostname bzw. die IP-Adresse des Clients,\nder die Website aufruft, werden in den Logfiles anonymisiert.<\/p>\n\n\n\n<h2 class=\"wp-block-heading\">Cookies<\/h2>\n\n\n\n<p>Diese Website verwendet Cookies, um eine konsistente\nund effiziente Besuchererfahrung zu erm\u00f6glichen. Dabei handelt es sich nur um\ndie standardm\u00e4\u00dfig von WordPress aktivierten Cookies (siehe https:\/\/de.support.wordpress.com\/cookies\/)\n&nbsp;Bei Cookies handelt es sich um kleine\nDateien, welche auf Ihrem Endger\u00e4t gespeichert werden. Ihr Browser greift auf\ndiese Dateien zu. Durch den Einsatz von Cookies erh\u00f6ht sich die\nBenutzerfreundlichkeit und Sicherheit dieser Website.<\/p>\n\n\n\n<p>G\u00e4ngige Browser bieten die Einstellungsoption,\nCookies nicht zuzulassen. Hinweis: Es ist nicht gew\u00e4hrleistet, dass Sie auf\nalle Funktionen dieser Website ohne Einschr\u00e4nkungen zugreifen k\u00f6nnen, wenn Sie\nentsprechende Einstellungen vornehmen.<\/p>\n\n\n\n<h2 class=\"wp-block-heading\"> Erfassung und Verarbeitung personenbezogener Daten <\/h2>\n\n\n\n<p>Der Websitebetreiber erhebt, nutzt und gibt\nIhre personenbezogenen Daten nur dann weiter, wenn dies im gesetzlichen Rahmen\nerlaubt ist oder Sie in die Datenerhebung einwilligen.<\/p>\n\n\n\n<p>Als personenbezogene Daten gelten s\u00e4mtliche\nInformationen, welche dazu dienen, Ihre Person zu bestimmen und welche zu Ihnen\nzur\u00fcckverfolgt werden k\u00f6nnen \u2013 also beispielsweise Ihr Name, Ihre\nE-Mail-Adresse und Telefonnummer.<\/p>\n\n\n\n<p>Diese Website k\u00f6nnen Sie auch besuchen, ohne\nAngaben zu Ihrer Person zu machen. Zur Verbesserung unseres Online-Angebotes\nspeichern wir jedoch (ohne Personenbezug) Ihre Zugriffsdaten auf diese Website.\nZu diesen Zugriffsdaten geh\u00f6ren z. B. die von Ihnen angeforderte Datei oder der\nName Ihres Internet-Providers. Durch die Anonymisierung der Daten sind\nR\u00fcckschl\u00fcsse auf Ihre Person nicht m\u00f6glich. <\/p>\n\n\n\n<p>Au\u00dfer den im vorangehenden Kapitel \u201eZugriffsdaten\u201c\ngenannten Daten, welche aus Sicherheitsgr\u00fcnden erhoben werden, werden keine\npersonenbezogenen Daten auf dieser Webseite automatisiert erhoben.<\/p>\n\n\n\n<h2 class=\"wp-block-heading\">Umgang mit Kontaktdaten<\/h2>\n\n\n\n<p>Nehmen Sie mit uns als Websitebetreiber durch die angebotenen Kontaktm\u00f6glichkeiten Verbindung auf, werden Ihre Angaben gespeichert, damit auf diese zur Bearbeitung und Beantwortung Ihrer Anfrage zur\u00fcckgegriffen werden kann. Ohne Ihre Einwilligung werden diese Daten nicht an Dritte weitergegeben.<\/p>\n\n\n\n<h2 class=\"wp-block-heading\">Eingebettete Inhalte von anderen Websites<\/h2>\n\n\n\n<p>Beitr\u00e4ge auf dieser Website k\u00f6nnen eingebettete Inhalte beinhalten (z.&nbsp;B. Videos, Bilder, Beitr\u00e4ge etc.). Eingebettete Inhalte von anderen Websites verhalten sich exakt so, als ob der Besucher die andere Website besucht h\u00e4tte.<\/p>\n\n\n\n<p>Diese Websites k\u00f6nnen Daten \u00fcber Sie sammeln, Cookies benutzen, zus\u00e4tzliche Tracking-Dienste von Dritten einbetten und Ihre Interaktion mit diesem eingebetteten Inhalt aufzeichnen, inklusive Ihrer Interaktion mit dem eingebetteten Inhalt, falls Sie ein Konto haben und auf dieser Website angemeldet sind.<\/p>\n\n\n\n<p>Dies betrifft vor allem die Einbettung von Google Maps in der Wegbeschreibung. Die Datenschutzerkl\u00e4rung von Google finden Sie unter folgender Adresse: https:\/\/policies.google.com\/privacy?hl=de<\/p>\n\n\n\n<h2 class=\"wp-block-heading\">Rechte des Nutzers<\/h2>\n\n\n\n<p>Sie haben als Nutzer das Recht, auf Antrag eine\nkostenlose Auskunft dar\u00fcber zu erhalten, welche personenbezogenen Daten \u00fcber\nSie gespeichert wurden. Sie haben au\u00dferdem das Recht auf Berichtigung falscher\nDaten und auf die Verarbeitungseinschr\u00e4nkung oder L\u00f6schung Ihrer\npersonenbezogenen Daten. Falls zutreffend, k\u00f6nnen Sie auch Ihr Recht auf\nDatenportabilit\u00e4t geltend machen. Sollten Sie annehmen, dass Ihre Daten\nunrechtm\u00e4\u00dfig verarbeitet wurden, k\u00f6nnen Sie eine Beschwerde bei der zust\u00e4ndigen\nAufsichtsbeh\u00f6rde einreichen.<\/p>\n\n\n\n<h3 class=\"wp-block-heading\">L\u00f6schung von Daten<\/h3>\n\n\n\n<p>Sofern Ihr Wunsch nicht mit einer gesetzlichen\nPflicht zur Aufbewahrung von Daten (z. B. Vorratsdatenspeicherung) kollidiert,\nhaben Sie ein Anrecht auf L\u00f6schung Ihrer Daten. Von uns gespeicherte Daten\nwerden, sollten sie f\u00fcr ihre Zweckbestimmung nicht mehr vonn\u00f6ten sein und es\nkeine gesetzlichen Aufbewahrungsfristen geben, gel\u00f6scht. Falls eine L\u00f6schung\nnicht durchgef\u00fchrt werden kann, da die Daten f\u00fcr zul\u00e4ssige gesetzliche Zwecke\nerforderlich sind, erfolgt eine Einschr\u00e4nkung der Datenverarbeitung. In diesem\nFall werden die Daten gesperrt und nicht f\u00fcr andere Zwecke verarbeitet.<\/p>\n\n\n\n<h3 class=\"wp-block-heading\">Widerspruchsrecht<\/h3>\n\n\n\n<p>Nutzer dieser Webseite k\u00f6nnen von ihrem\nWiderspruchsrecht Gebrauch machen und der Verarbeitung ihrer personenbezogenen\nDaten zu jeder Zeit widersprechen. <\/p>\n\n\n\n<p>Wenn Sie eine Berichtigung, Sperrung, L\u00f6schung oder Auskunft \u00fcber die zu Ihrer Person gespeicherten personenbezogenen Daten w\u00fcnschen oder Fragen bzgl. der Erhebung, Verarbeitung oder Verwendung Ihrer personenbezogenen Daten haben oder erteilte Einwilligungen widerrufen m\u00f6chten, wenden Sie sich bitte an folgende E-Mail-Adresse: <\/p>\n\n\n\n<figure class=\"wp-block-image\"><img loading=\"lazy\" decoding=\"async\" width=\"198\" height=\"30\" src=\"https:\/\/efg-steinfurt.de\/wp-content\/uploads\/2019\/01\/email-info.png\" alt=\"\" class=\"wp-image-54\"\/><\/figure>\n\n\n\n<p><\/p>\n","protected":false},"excerpt":{"rendered":"<p>Wer wir sind Die Adresse unserer Website ist: https:\/\/efg-steinfurt.de Diese Webseite wird nur zu dem Zweck betrieben, interessierten Menschen Informationen \u00fcber die Evangelisch freikirchliche Gemeinde Steinfurt e.V. bereitzustellen. Wir verfolgen kein wirtschaftliches Interesse. Grundlegendes Diese Datenschutzerkl\u00e4rung soll die Nutzer dieser Website \u00fcber die Art, den Umfang und den Zweck der Erhebung und Verwendung personenbezogener Daten &hellip; <a href=\"https:\/\/efg-steinfurt.de\/?page_id=4\" class=\"more-link\"><span class=\"screen-reader-text\">Datenschutzerkl\u00e4rung<\/span> weiterlesen<\/a><\/p>\n","protected":false},"author":1,"featured_media":0,"parent":0,"menu_order":0,"comment_status":"closed","ping_status":"closed","template":"","meta":{"footnotes":""},"class_list":["post-4","page","type-page","status-publish","hentry"],"_links":{"self":[{"href":"https:\/\/efg-steinfurt.de\/index.php?rest_route=\/wp\/v2\/pages\/4","targetHints":{"allow":["GET"]}}],"collection":[{"href":"https:\/\/efg-steinfurt.de\/index.php?rest_route=\/wp\/v2\/pages"}],"about":[{"href":"https:\/\/efg-steinfurt.de\/index.php?rest_route=\/wp\/v2\/types\/page"}],"author":[{"embeddable":true,"href":"https:\/\/efg-steinfurt.de\/index.php?rest_route=\/wp\/v2\/users\/1"}],"replies":[{"embeddable":true,"href":"https:\/\/efg-steinfurt.de\/index.php?rest_route=%2Fwp%2Fv2%2Fcomments&post=4"}],"version-history":[{"count":6,"href":"https:\/\/efg-steinfurt.de\/index.php?rest_route=\/wp\/v2\/pages\/4\/revisions"}],"predecessor-version":[{"id":103,"href":"https:\/\/efg-steinfurt.de\/index.php?rest_route=\/wp\/v2\/pages\/4\/revisions\/103"}],"wp:attachment":[{"href":"https:\/\/efg-steinfurt.de\/index.php?rest_route=%2Fwp%2Fv2%2Fmedia&parent=4"}],"curies":[{"name":"wp","href":"https:\/\/api.w.org\/{rel}","templated":true}]}}