{"id":47,"date":"2019-01-16T23:14:34","date_gmt":"2019-01-16T23:14:34","guid":{"rendered":"http:\/\/efg-steinfurt.net\/?page_id=47"},"modified":"2023-04-10T22:06:10","modified_gmt":"2023-04-10T22:06:10","slug":"wegbeschreibung","status":"publish","type":"page","link":"https:\/\/efg-steinfurt.de\/?page_id=47","title":{"rendered":"Wegbeschreibung"},"content":{"rendered":"\n<figure class=\"wp-block-image\"><img loading=\"lazy\" decoding=\"async\" width=\"800\" height=\"600\" src=\"https:\/\/efg-steinfurt.de\/wp-content\/uploads\/2019\/02\/Verlau12-2.jpg\" alt=\"\" class=\"wp-image-65\" srcset=\"https:\/\/efg-steinfurt.de\/wp-content\/uploads\/2019\/02\/Verlau12-2.jpg 800w, https:\/\/efg-steinfurt.de\/wp-content\/uploads\/2019\/02\/Verlau12-2-300x225.jpg 300w, https:\/\/efg-steinfurt.de\/wp-content\/uploads\/2019\/02\/Verlau12-2-768x576.jpg 768w\" sizes=\"auto, (max-width: 800px) 100vw, 800px\" \/><\/figure>\n\n\n\n<p>So finden Sie zu uns:<\/p>\n\n\n\n<iframe loading=\"lazy\" src=\"https:\/\/www.google.com\/maps\/embed?pb=!1m18!1m12!1m3!1d2449.1589875744917!2d7.396219216129073!3d52.13142937974253!2m3!1f0!2f0!3f0!3m2!1i1024!2i768!4f13.1!3m3!1m2!1s0x47b83558462c37f3%3A0x1582a86323f1344!2sAuf+dem+Verlau+12%2C+48565+Steinfurt!5e0!3m2!1sde!2sde!4v1547680446812\" style=\"border:0\" allowfullscreen=\"\" width=\"600\" height=\"450\" frameborder=\"0\"><\/iframe>\n\n\n\n<p>Parkm\u00f6glichkeiten gibt es w\u00e4hrend der Gottesdienstzeiten auf dem Parkplatz der Firma &#8222;Nicolic&#8220;, der Regenbogenschule, des Don-Bosco Kindergartens oder am Hangenkamp. Bitte parken Sie nach M\u00f6glichkeit nicht auf dem Verlau, da die Parkm\u00f6glichkeiten f\u00fcr die Anwohner sehr begrenzt sind. Bitte achten Sie beim Parken am Hangenkamp darauf, dass der Verkehrsfluss nicht gest\u00f6rt wird.<\/p>\n","protected":false},"excerpt":{"rendered":"<p>So finden Sie zu uns: Parkm\u00f6glichkeiten gibt es w\u00e4hrend der Gottesdienstzeiten auf dem Parkplatz der Firma &#8222;Nicolic&#8220;, der Regenbogenschule, des Don-Bosco Kindergartens oder am Hangenkamp. Bitte parken Sie nach M\u00f6glichkeit nicht auf dem Verlau, da die Parkm\u00f6glichkeiten f\u00fcr die Anwohner sehr begrenzt sind. Bitte achten Sie beim Parken am Hangenkamp darauf, dass der Verkehrsfluss nicht &hellip; <a href=\"https:\/\/efg-steinfurt.de\/?page_id=47\" class=\"more-link\"><span class=\"screen-reader-text\">Wegbeschreibung<\/span> weiterlesen<\/a><\/p>\n","protected":false},"author":1,"featured_media":0,"parent":0,"menu_order":0,"comment_status":"closed","ping_status":"closed","template":"","meta":{"footnotes":""},"class_list":["post-47","page","type-page","status-publish","hentry"],"_links":{"self":[{"href":"https:\/\/efg-steinfurt.de\/index.php?rest_route=\/wp\/v2\/pages\/47","targetHints":{"allow":["GET"]}}],"collection":[{"href":"https:\/\/efg-steinfurt.de\/index.php?rest_route=\/wp\/v2\/pages"}],"about":[{"href":"https:\/\/efg-steinfurt.de\/index.php?rest_route=\/wp\/v2\/types\/page"}],"author":[{"embeddable":true,"href":"https:\/\/efg-steinfurt.de\/index.php?rest_route=\/wp\/v2\/users\/1"}],"replies":[{"embeddable":true,"href":"https:\/\/efg-steinfurt.de\/index.php?rest_route=%2Fwp%2Fv2%2Fcomments&post=47"}],"version-history":[{"count":6,"href":"https:\/\/efg-steinfurt.de\/index.php?rest_route=\/wp\/v2\/pages\/47\/revisions"}],"predecessor-version":[{"id":172,"href":"https:\/\/efg-steinfurt.de\/index.php?rest_route=\/wp\/v2\/pages\/47\/revisions\/172"}],"wp:attachment":[{"href":"https:\/\/efg-steinfurt.de\/index.php?rest_route=%2Fwp%2Fv2%2Fmedia&parent=47"}],"curies":[{"name":"wp","href":"https:\/\/api.w.org\/{rel}","templated":true}]}}